{"id":1927,"date":"2024-04-23T10:52:16","date_gmt":"2024-04-23T10:52:16","guid":{"rendered":"https:\/\/designingmedia.com\/lawfinity\/?page_id=1927"},"modified":"2024-11-21T19:08:07","modified_gmt":"2024-11-21T19:08:07","slug":"contacto","status":"publish","type":"page","link":"https:\/\/ayudacondui.com\/en\/contacto\/","title":{"rendered":"Contact"},"content":{"rendered":"<div data-elementor-type=\"wp-page\" data-elementor-id=\"1927\" class=\"elementor elementor-1927\">\n\t\t\t\t<div class=\"elementor-element elementor-element-67ca3505 e-flex e-con-boxed e-con e-parent\" data-id=\"67ca3505\" data-element_type=\"container\" data-settings=\"{&quot;background_background&quot;:&quot;classic&quot;}\">\n\t\t\t\t\t<div class=\"e-con-inner\">\n\t\t<div class=\"elementor-element elementor-element-23421a91 e-flex e-con-boxed e-con e-child\" data-id=\"23421a91\" data-element_type=\"container\">\n\t\t\t\t\t<div class=\"e-con-inner\">\n\t\t<div class=\"elementor-element elementor-element-47eb1fe3 e-flex e-con-boxed e-con e-child\" data-id=\"47eb1fe3\" data-element_type=\"container\">\n\t\t\t\t\t<div class=\"e-con-inner\">\n\t\t<div class=\"elementor-element elementor-element-4b551258 e-flex e-con-boxed e-con e-child\" data-id=\"4b551258\" data-element_type=\"container\">\n\t\t\t\t\t<div class=\"e-con-inner\">\n\t\t\t\t<div class=\"elementor-element elementor-element-37f16c50 elementor-widget elementor-widget-image\" data-id=\"37f16c50\" data-element_type=\"widget\" data-widget_type=\"image.default\">\n\t\t\t\t<div class=\"elementor-widget-container\">\n\t\t\t\t\t\t\t\t\t\t\t\t\t\t\t<img decoding=\"async\" width=\"23\" height=\"2\" src=\"https:\/\/ayudacondui.com\/wp-content\/uploads\/2024\/04\/line-img.jpg\" class=\"attachment-full size-full wp-image-31\" alt=\"\" \/>\t\t\t\t\t\t\t\t\t\t\t\t\t\t\t<\/div>\n\t\t\t\t<\/div>\n\t\t\t\t<div class=\"elementor-element elementor-element-5a9e50f9 elementor-widget elementor-widget-heading\" data-id=\"5a9e50f9\" data-element_type=\"widget\" data-widget_type=\"heading.default\">\n\t\t\t\t<div class=\"elementor-widget-container\">\n\t\t\t\t\t<div class=\"elementor-heading-title elementor-size-default\">INFO<\/div>\t\t\t\t<\/div>\n\t\t\t\t<\/div>\n\t\t\t\t\t<\/div>\n\t\t\t\t<\/div>\n\t\t\t\t<div class=\"elementor-element elementor-element-d33a58e elementor-widget elementor-widget-html\" data-id=\"d33a58e\" data-element_type=\"widget\" data-widget_type=\"html.default\">\n\t\t\t\t<div class=\"elementor-widget-container\">\n\t\t\t\t\t<style>\n    .page-title-area p {\ntext-align: justify;\n}\n<\/style>\t\t\t\t<\/div>\n\t\t\t\t<\/div>\n\t\t\t\t<div class=\"elementor-element elementor-element-3f4f7d70 elementor-widget elementor-widget-heading\" data-id=\"3f4f7d70\" data-element_type=\"widget\" data-widget_type=\"heading.default\">\n\t\t\t\t<div class=\"elementor-widget-container\">\n\t\t\t\t\t<h2 class=\"elementor-heading-title elementor-size-default\">Our contact information<\/h2>\t\t\t\t<\/div>\n\t\t\t\t<\/div>\n\t\t\t\t\t<\/div>\n\t\t\t\t<\/div>\n\t\t<div class=\"elementor-element elementor-element-2c4c86c0 e-con-full e-flex elementor-invisible e-con e-child\" data-id=\"2c4c86c0\" data-element_type=\"container\" data-settings=\"{&quot;animation&quot;:&quot;fadeInUp&quot;}\">\n\t\t<div class=\"elementor-element elementor-element-7c4543ed e-con-full e-flex e-con e-child\" data-id=\"7c4543ed\" data-element_type=\"container\" data-settings=\"{&quot;background_background&quot;:&quot;classic&quot;}\">\n\t\t\t\t<div class=\"elementor-element elementor-element-6c7a27bd elementor-widget elementor-widget-image\" data-id=\"6c7a27bd\" data-element_type=\"widget\" data-widget_type=\"image.default\">\n\t\t\t\t<div class=\"elementor-widget-container\">\n\t\t\t\t\t\t\t\t\t\t\t\t\t\t\t<img decoding=\"async\" width=\"58\" height=\"58\" src=\"https:\/\/ayudacondui.com\/wp-content\/uploads\/2024\/04\/location.png\" class=\"elementor-animation-float attachment-full size-full wp-image-1935\" alt=\"\" \/>\t\t\t\t\t\t\t\t\t\t\t\t\t\t\t<\/div>\n\t\t\t\t<\/div>\n\t\t\t\t<div class=\"elementor-element elementor-element-1cae0d96 elementor-widget elementor-widget-heading\" data-id=\"1cae0d96\" data-element_type=\"widget\" data-widget_type=\"heading.default\">\n\t\t\t\t<div class=\"elementor-widget-container\">\n\t\t\t\t\t<h6 class=\"elementor-heading-title elementor-size-default\">Our location<\/h6>\t\t\t\t<\/div>\n\t\t\t\t<\/div>\n\t\t\t\t<div class=\"elementor-element elementor-element-704726db elementor-widget-laptop__width-initial ubicacion elementor-widget elementor-widget-text-editor\" data-id=\"704726db\" data-element_type=\"widget\" data-widget_type=\"text-editor.default\">\n\t\t\t\t<div class=\"elementor-widget-container\">\n\t\t\t\t\t\t\t\t\t<p style=\"margin: 0;\">1330 W Robinhood Dr. Suite A1\n<\/p>\n<span style=\"font-family: var( --e-global-typography-8c509df-font-family ), Sans-serif; background-color: var( --e-global-color-d8113ee ); font-size: 18px\">Stockton, CA 95207<\/span>\t\t\t\t\t\t\t\t<\/div>\n\t\t\t\t<\/div>\n\t\t\t\t<\/div>\n\t\t<div class=\"elementor-element elementor-element-1fe44b81 e-con-full e-flex e-con e-child\" data-id=\"1fe44b81\" data-element_type=\"container\" data-settings=\"{&quot;background_background&quot;:&quot;classic&quot;}\">\n\t\t\t\t<div class=\"elementor-element elementor-element-430d7d14 elementor-widget elementor-widget-image\" data-id=\"430d7d14\" data-element_type=\"widget\" data-widget_type=\"image.default\">\n\t\t\t\t<div class=\"elementor-widget-container\">\n\t\t\t\t\t\t\t\t\t\t\t\t\t\t\t<img decoding=\"async\" width=\"55\" height=\"55\" src=\"https:\/\/ayudacondui.com\/wp-content\/uploads\/2024\/04\/phone.png\" class=\"elementor-animation-float attachment-full size-full wp-image-1936\" alt=\"\" \/>\t\t\t\t\t\t\t\t\t\t\t\t\t\t\t<\/div>\n\t\t\t\t<\/div>\n\t\t\t\t<div class=\"elementor-element elementor-element-12e37086 elementor-widget elementor-widget-heading\" data-id=\"12e37086\" data-element_type=\"widget\" data-widget_type=\"heading.default\">\n\t\t\t\t<div class=\"elementor-widget-container\">\n\t\t\t\t\t<h6 class=\"elementor-heading-title elementor-size-default\">Phone<\/h6>\t\t\t\t<\/div>\n\t\t\t\t<\/div>\n\t\t\t\t<div class=\"elementor-element elementor-element-3422c57a elementor-widget elementor-widget-text-editor\" data-id=\"3422c57a\" data-element_type=\"widget\" data-widget_type=\"text-editor.default\">\n\t\t\t\t<div class=\"elementor-widget-container\">\n\t\t\t\t\t\t\t\t\t<p>(209) 481-8181<\/p>\t\t\t\t\t\t\t\t<\/div>\n\t\t\t\t<\/div>\n\t\t\t\t<\/div>\n\t\t<a class=\"elementor-element elementor-element-7795edf0 e-con-full e-flex e-con e-child\" data-id=\"7795edf0\" data-element_type=\"container\" data-settings=\"{&quot;background_background&quot;:&quot;classic&quot;}\">\n\t\t\t\t<div class=\"elementor-element elementor-element-43447544 elementor-widget elementor-widget-image\" data-id=\"43447544\" data-element_type=\"widget\" data-widget_type=\"image.default\">\n\t\t\t\t<div class=\"elementor-widget-container\">\n\t\t\t\t\t\t\t\t\t\t\t\t\t\t\t<img loading=\"lazy\" decoding=\"async\" width=\"55\" height=\"55\" src=\"https:\/\/ayudacondui.com\/wp-content\/uploads\/2024\/04\/Email.png\" class=\"elementor-animation-float attachment-full size-full wp-image-1937\" alt=\"\" \/>\t\t\t\t\t\t\t\t\t\t\t\t\t\t\t<\/div>\n\t\t\t\t<\/div>\n\t\t\t\t<div class=\"elementor-element elementor-element-7bd13494 elementor-widget elementor-widget-heading\" data-id=\"7bd13494\" data-element_type=\"widget\" data-widget_type=\"heading.default\">\n\t\t\t\t<div class=\"elementor-widget-container\">\n\t\t\t\t\t<h6 class=\"elementor-heading-title elementor-size-default\">Email<\/h6>\t\t\t\t<\/div>\n\t\t\t\t<\/div>\n\t\t\t\t<div class=\"elementor-element elementor-element-15d5b3b3 elementor-widget elementor-widget-text-editor\" data-id=\"15d5b3b3\" data-element_type=\"widget\" data-widget_type=\"text-editor.default\">\n\t\t\t\t<div class=\"elementor-widget-container\">\n\t\t\t\t\t\t\t\t\t<p>info@ayudacondui.com<\/p>\t\t\t\t\t\t\t\t<\/div>\n\t\t\t\t<\/div>\n\t\t\t\t<\/a>\n\t\t\t\t<\/div>\n\t\t\t\t\t<\/div>\n\t\t\t\t<\/div>\n\t\t\t\t\t<\/div>\n\t\t\t\t<\/div>\n\t\t<div class=\"elementor-element elementor-element-5850609 e-con-full e-flex e-con e-parent\" data-id=\"5850609\" data-element_type=\"container\" data-settings=\"{&quot;background_background&quot;:&quot;classic&quot;}\">\n\t\t<div class=\"elementor-element elementor-element-424ca85 e-con-full e-flex e-con e-child\" data-id=\"424ca85\" data-element_type=\"container\" data-settings=\"{&quot;background_background&quot;:&quot;classic&quot;}\">\n\t\t\t\t<div class=\"elementor-element elementor-element-2f85e66 elementor-widget-divider--view-line elementor-widget elementor-widget-divider\" data-id=\"2f85e66\" data-element_type=\"widget\" data-widget_type=\"divider.default\">\n\t\t\t\t<div class=\"elementor-widget-container\">\n\t\t\t\t\t\t\t<div class=\"elementor-divider\">\n\t\t\t<span class=\"elementor-divider-separator\">\n\t\t\t\t\t\t<\/span>\n\t\t<\/div>\n\t\t\t\t\t\t<\/div>\n\t\t\t\t<\/div>\n\t\t\t\t<\/div>\n\t\t<div class=\"elementor-element elementor-element-37fb86b e-con-full e-flex e-con e-child\" data-id=\"37fb86b\" data-element_type=\"container\">\n\t\t<div class=\"elementor-element elementor-element-5a5efa8 e-con-full e-flex elementor-invisible e-con e-child\" data-id=\"5a5efa8\" data-element_type=\"container\" id=\"form\" data-settings=\"{&quot;animation&quot;:&quot;fadeIn&quot;}\">\n\t\t<div class=\"elementor-element elementor-element-39c380a e-flex e-con-boxed e-con e-child\" data-id=\"39c380a\" data-element_type=\"container\">\n\t\t\t\t\t<div class=\"e-con-inner\">\n\t\t\t\t<div class=\"elementor-element elementor-element-0e8a5cd elementor-widget elementor-widget-image\" data-id=\"0e8a5cd\" data-element_type=\"widget\" data-widget_type=\"image.default\">\n\t\t\t\t<div class=\"elementor-widget-container\">\n\t\t\t\t\t\t\t\t\t\t\t\t\t\t\t<img loading=\"lazy\" decoding=\"async\" width=\"23\" height=\"2\" src=\"https:\/\/ayudacondui.com\/wp-content\/uploads\/2024\/04\/Get-in-touch-line-img.png\" class=\"attachment-full size-full wp-image-46\" alt=\"\" \/>\t\t\t\t\t\t\t\t\t\t\t\t\t\t\t<\/div>\n\t\t\t\t<\/div>\n\t\t\t\t<div class=\"elementor-element elementor-element-1134a44 elementor-widget elementor-widget-heading\" data-id=\"1134a44\" data-element_type=\"widget\" data-widget_type=\"heading.default\">\n\t\t\t\t<div class=\"elementor-widget-container\">\n\t\t\t\t\t<div class=\"elementor-heading-title elementor-size-default\">CONTACT US<\/div>\t\t\t\t<\/div>\n\t\t\t\t<\/div>\n\t\t\t\t\t<\/div>\n\t\t\t\t<\/div>\n\t\t\t\t<div class=\"elementor-element elementor-element-165b441 elementor-widget elementor-widget-heading\" data-id=\"165b441\" data-element_type=\"widget\" data-widget_type=\"heading.default\">\n\t\t\t\t<div class=\"elementor-widget-container\">\n\t\t\t\t\t<h2 class=\"elementor-heading-title elementor-size-default\">Schedule an appointment<\/h2>\t\t\t\t<\/div>\n\t\t\t\t<\/div>\n\t\t\t\t<div class=\"elementor-element elementor-element-799060f elementor-widget elementor-widget-shortcode\" data-id=\"799060f\" data-element_type=\"widget\" data-widget_type=\"shortcode.default\">\n\t\t\t\t<div class=\"elementor-widget-container\">\n\t\t\t\t\t\t\t<div class=\"elementor-shortcode\"><p class=\"wpcf7-contact-form-not-found\"><strong>Error:<\/strong> Contact form not found.<\/p><\/div>\n\t\t\t\t\t\t<\/div>\n\t\t\t\t<\/div>\n\t\t\t\t<\/div>\n\t\t\t\t<\/div>\n\t\t\t\t<\/div>\n\t\t<div class=\"elementor-element elementor-element-5fdfc0d8 e-flex e-con-boxed e-con e-parent\" data-id=\"5fdfc0d8\" data-element_type=\"container\">\n\t\t\t\t\t<div class=\"e-con-inner\">\n\t\t\t\t<div class=\"elementor-element elementor-element-16b5bc04 elementor-widget elementor-widget-google_maps\" data-id=\"16b5bc04\" data-element_type=\"widget\" data-widget_type=\"google_maps.default\">\n\t\t\t\t<div class=\"elementor-widget-container\">\n\t\t\t\t\t\t\t<div class=\"elementor-custom-embed\">\n\t\t\t<iframe loading=\"lazy\"\n\t\t\t\t\tsrc=\"https:\/\/maps.google.com\/maps?q=1330%20W%20Robinhood&#038;t=m&#038;z=17&#038;output=embed&#038;iwloc=near\"\n\t\t\t\t\ttitle=\"1330 W Robinhood\"\n\t\t\t\t\taria-label=\"1330 W Robinhood\"\n\t\t\t><\/iframe>\n\t\t<\/div>\n\t\t\t\t\t\t<\/div>\n\t\t\t\t<\/div>\n\t\t\t\t\t<\/div>\n\t\t\t\t<\/div>\n\t\t<div class=\"elementor-element elementor-element-67644bd e-flex e-con-boxed e-con e-parent\" data-id=\"67644bd\" data-element_type=\"container\">\n\t\t\t\t\t<div class=\"e-con-inner\">\n\t\t\t\t<div class=\"elementor-element elementor-element-4949908 elementor-widget elementor-widget-html\" data-id=\"4949908\" data-element_type=\"widget\" data-widget_type=\"html.default\">\n\t\t\t\t<div class=\"elementor-widget-container\">\n\t\t\t\t\t<html>\n      <link rel=\"stylesheet\" href=\"https:\/\/maxcdn.bootstrapcdn.com\/font-awesome\/4.5.0\/css\/font-awesome.min.css\">\n    <a href=\"https:\/\/api.whatsapp.com\/send?phone=2094818181\" class=\"float\" target=\"_blank\">\n<i class=\"fa fa-whatsapp my-float\"><\/i>\n<\/a>\n<\/html>\n\n<style>\n    .float{\n\tposition:fixed;\n\twidth:60px;\n\theight:60px;\n\tbottom:40px;\n\tleft:40px;\n\tbackground-color:#25d366;\n\tcolor:#FFF;\n\tborder-radius:50px;\n\ttext-align:center;\n  font-size:30px;\n\tbox-shadow: 2px 2px 3px #999;\n  z-index:100;\n  transition: all .3s ease;\n}\n.float:hover {\n\ttext-decoration: none;\n\tcolor: #25d366;\n  background-color:#fff;\n}\n\n.my-float{\n\tmargin-top:16px;\n}\n<\/style>\t\t\t\t<\/div>\n\t\t\t\t<\/div>\n\t\t\t\t\t<\/div>\n\t\t\t\t<\/div>\n\t\t\t\t<\/div>","protected":false},"excerpt":{"rendered":"<p>INFO Nuestra informaci\u00f3n de contacto Nuestra ubicaci\u00f3n 1330 W Robinhood Dr. Suite A1 Stockton, CA 95207 Tel\u00e9fono (209) 481-8181 Email info@ayudacondui.com CONT\u00c1CTANOS Agenda una cita<\/p>","protected":false},"author":1,"featured_media":1875,"parent":0,"menu_order":0,"comment_status":"closed","ping_status":"closed","template":"elementor_header_footer","meta":{"footnotes":""},"class_list":["post-1927","page","type-page","status-publish","has-post-thumbnail","hentry"],"yoast_head":"<!-- This site is optimized with the Yoast SEO plugin v25.5 - https:\/\/yoast.com\/wordpress\/plugins\/seo\/ -->\n<title>Contacto - Ayuda con DUI<\/title>\n<meta name=\"description\" content=\"Contacto\" \/>\n<meta name=\"robots\" content=\"index, follow, max-snippet:-1, max-image-preview:large, max-video-preview:-1\" \/>\n<link rel=\"canonical\" href=\"https:\/\/ayudacondui.com\/en\/contacto\/\" \/>\n<meta property=\"og:locale\" content=\"en_US\" \/>\n<meta property=\"og:type\" content=\"article\" \/>\n<meta property=\"og:title\" content=\"Contacto - Ayuda con DUI\" \/>\n<meta property=\"og:description\" content=\"Contacto\" \/>\n<meta property=\"og:url\" content=\"https:\/\/ayudacondui.com\/en\/contacto\/\" \/>\n<meta property=\"og:site_name\" content=\"Ayuda con DUI\" \/>\n<meta property=\"article:modified_time\" content=\"2024-11-21T19:08:07+00:00\" \/>\n<meta property=\"og:image\" content=\"https:\/\/ayudacondui.com\/wp-content\/uploads\/2024\/04\/about-01-bg-1.jpg\" \/>\n\t<meta property=\"og:image:width\" content=\"1920\" \/>\n\t<meta property=\"og:image:height\" content=\"628\" \/>\n\t<meta property=\"og:image:type\" content=\"image\/jpeg\" \/>\n<meta name=\"twitter:card\" content=\"summary_large_image\" \/>\n<meta name=\"twitter:label1\" content=\"Est. reading time\" \/>\n\t<meta name=\"twitter:data1\" content=\"2 minutes\" \/>\n<script type=\"application\/ld+json\" class=\"yoast-schema-graph\">{\"@context\":\"https:\/\/schema.org\",\"@graph\":[{\"@type\":\"WebPage\",\"@id\":\"https:\/\/ayudacondui.com\/contacto\/\",\"url\":\"https:\/\/ayudacondui.com\/contacto\/\",\"name\":\"Contacto - Ayuda con DUI\",\"isPartOf\":{\"@id\":\"https:\/\/ayudacondui.com\/#website\"},\"primaryImageOfPage\":{\"@id\":\"https:\/\/ayudacondui.com\/contacto\/#primaryimage\"},\"image\":{\"@id\":\"https:\/\/ayudacondui.com\/contacto\/#primaryimage\"},\"thumbnailUrl\":\"https:\/\/ayudacondui.com\/wp-content\/uploads\/2024\/04\/about-01-bg-1.jpg\",\"datePublished\":\"2024-04-23T10:52:16+00:00\",\"dateModified\":\"2024-11-21T19:08:07+00:00\",\"description\":\"Contacto\",\"breadcrumb\":{\"@id\":\"https:\/\/ayudacondui.com\/contacto\/#breadcrumb\"},\"inLanguage\":\"en-US\",\"potentialAction\":[{\"@type\":\"ReadAction\",\"target\":[\"https:\/\/ayudacondui.com\/contacto\/\"]}]},{\"@type\":\"ImageObject\",\"inLanguage\":\"en-US\",\"@id\":\"https:\/\/ayudacondui.com\/contacto\/#primaryimage\",\"url\":\"https:\/\/ayudacondui.com\/wp-content\/uploads\/2024\/04\/about-01-bg-1.jpg\",\"contentUrl\":\"https:\/\/ayudacondui.com\/wp-content\/uploads\/2024\/04\/about-01-bg-1.jpg\",\"width\":1920,\"height\":628},{\"@type\":\"BreadcrumbList\",\"@id\":\"https:\/\/ayudacondui.com\/contacto\/#breadcrumb\",\"itemListElement\":[{\"@type\":\"ListItem\",\"position\":1,\"name\":\"Portada\",\"item\":\"https:\/\/ayudacondui.com\/\"},{\"@type\":\"ListItem\",\"position\":2,\"name\":\"Contacto\"}]},{\"@type\":\"WebSite\",\"@id\":\"https:\/\/ayudacondui.com\/#website\",\"url\":\"https:\/\/ayudacondui.com\/\",\"name\":\"Ayuda con DUI\",\"description\":\"Nuestro equipo de abogados experimentados se dedica a proteger sus derechos y brindarle la representaci\u00f3n legal que merece\",\"publisher\":{\"@id\":\"https:\/\/ayudacondui.com\/#organization\"},\"potentialAction\":[{\"@type\":\"SearchAction\",\"target\":{\"@type\":\"EntryPoint\",\"urlTemplate\":\"https:\/\/ayudacondui.com\/?s={search_term_string}\"},\"query-input\":{\"@type\":\"PropertyValueSpecification\",\"valueRequired\":true,\"valueName\":\"search_term_string\"}}],\"inLanguage\":\"en-US\"},{\"@type\":\"Organization\",\"@id\":\"https:\/\/ayudacondui.com\/#organization\",\"name\":\"Ayuda con DUI\",\"url\":\"https:\/\/ayudacondui.com\/\",\"logo\":{\"@type\":\"ImageObject\",\"inLanguage\":\"en-US\",\"@id\":\"https:\/\/ayudacondui.com\/#\/schema\/logo\/image\/\",\"url\":\"https:\/\/ayudacondui.com\/wp-content\/uploads\/2024\/09\/cropped-logo-dui-1.webp\",\"contentUrl\":\"https:\/\/ayudacondui.com\/wp-content\/uploads\/2024\/09\/cropped-logo-dui-1.webp\",\"width\":68,\"height\":76,\"caption\":\"Ayuda con DUI\"},\"image\":{\"@id\":\"https:\/\/ayudacondui.com\/#\/schema\/logo\/image\/\"}}]}<\/script>\n<!-- \/ Yoast SEO plugin. -->","yoast_head_json":{"title":"Contacto - Ayuda con DUI","description":"Contact","robots":{"index":"index","follow":"follow","max-snippet":"max-snippet:-1","max-image-preview":"max-image-preview:large","max-video-preview":"max-video-preview:-1"},"canonical":"https:\/\/ayudacondui.com\/en\/contacto\/","og_locale":"en_US","og_type":"article","og_title":"Contacto - Ayuda con DUI","og_description":"Contacto","og_url":"https:\/\/ayudacondui.com\/en\/contacto\/","og_site_name":"Ayuda con DUI","article_modified_time":"2024-11-21T19:08:07+00:00","og_image":[{"width":1920,"height":628,"url":"https:\/\/ayudacondui.com\/wp-content\/uploads\/2024\/04\/about-01-bg-1.jpg","type":"image\/jpeg"}],"twitter_card":"summary_large_image","twitter_misc":{"Est. reading time":"2 minutes"},"schema":{"@context":"https:\/\/schema.org","@graph":[{"@type":"WebPage","@id":"https:\/\/ayudacondui.com\/contacto\/","url":"https:\/\/ayudacondui.com\/contacto\/","name":"Contacto - Ayuda con DUI","isPartOf":{"@id":"https:\/\/ayudacondui.com\/#website"},"primaryImageOfPage":{"@id":"https:\/\/ayudacondui.com\/contacto\/#primaryimage"},"image":{"@id":"https:\/\/ayudacondui.com\/contacto\/#primaryimage"},"thumbnailUrl":"https:\/\/ayudacondui.com\/wp-content\/uploads\/2024\/04\/about-01-bg-1.jpg","datePublished":"2024-04-23T10:52:16+00:00","dateModified":"2024-11-21T19:08:07+00:00","description":"Contact","breadcrumb":{"@id":"https:\/\/ayudacondui.com\/contacto\/#breadcrumb"},"inLanguage":"en-US","potentialAction":[{"@type":"ReadAction","target":["https:\/\/ayudacondui.com\/contacto\/"]}]},{"@type":"ImageObject","inLanguage":"en-US","@id":"https:\/\/ayudacondui.com\/contacto\/#primaryimage","url":"https:\/\/ayudacondui.com\/wp-content\/uploads\/2024\/04\/about-01-bg-1.jpg","contentUrl":"https:\/\/ayudacondui.com\/wp-content\/uploads\/2024\/04\/about-01-bg-1.jpg","width":1920,"height":628},{"@type":"BreadcrumbList","@id":"https:\/\/ayudacondui.com\/contacto\/#breadcrumb","itemListElement":[{"@type":"ListItem","position":1,"name":"Portada","item":"https:\/\/ayudacondui.com\/"},{"@type":"ListItem","position":2,"name":"Contacto"}]},{"@type":"WebSite","@id":"https:\/\/ayudacondui.com\/#website","url":"https:\/\/ayudacondui.com\/","name":"Ayuda con DUI","description":"Nuestro equipo de abogados experimentados se dedica a proteger sus derechos y brindarle la representaci\u00f3n legal que merece","publisher":{"@id":"https:\/\/ayudacondui.com\/#organization"},"potentialAction":[{"@type":"SearchAction","target":{"@type":"EntryPoint","urlTemplate":"https:\/\/ayudacondui.com\/?s={search_term_string}"},"query-input":{"@type":"PropertyValueSpecification","valueRequired":true,"valueName":"search_term_string"}}],"inLanguage":"en-US"},{"@type":"Organization","@id":"https:\/\/ayudacondui.com\/#organization","name":"Ayuda con DUI","url":"https:\/\/ayudacondui.com\/","logo":{"@type":"ImageObject","inLanguage":"en-US","@id":"https:\/\/ayudacondui.com\/#\/schema\/logo\/image\/","url":"https:\/\/ayudacondui.com\/wp-content\/uploads\/2024\/09\/cropped-logo-dui-1.webp","contentUrl":"https:\/\/ayudacondui.com\/wp-content\/uploads\/2024\/09\/cropped-logo-dui-1.webp","width":68,"height":76,"caption":"Ayuda con DUI"},"image":{"@id":"https:\/\/ayudacondui.com\/#\/schema\/logo\/image\/"}}]}},"_links":{"self":[{"href":"https:\/\/ayudacondui.com\/en\/wp-json\/wp\/v2\/pages\/1927","targetHints":{"allow":["GET"]}}],"collection":[{"href":"https:\/\/ayudacondui.com\/en\/wp-json\/wp\/v2\/pages"}],"about":[{"href":"https:\/\/ayudacondui.com\/en\/wp-json\/wp\/v2\/types\/page"}],"author":[{"embeddable":true,"href":"https:\/\/ayudacondui.com\/en\/wp-json\/wp\/v2\/users\/1"}],"replies":[{"embeddable":true,"href":"https:\/\/ayudacondui.com\/en\/wp-json\/wp\/v2\/comments?post=1927"}],"version-history":[{"count":0,"href":"https:\/\/ayudacondui.com\/en\/wp-json\/wp\/v2\/pages\/1927\/revisions"}],"wp:featuredmedia":[{"embeddable":true,"href":"https:\/\/ayudacondui.com\/en\/wp-json\/wp\/v2\/media\/1875"}],"wp:attachment":[{"href":"https:\/\/ayudacondui.com\/en\/wp-json\/wp\/v2\/media?parent=1927"}],"curies":[{"name":"wp","href":"https:\/\/api.w.org\/{rel}","templated":true}]}}